{"id":3988,"date":"2023-08-04T15:12:30","date_gmt":"2023-08-04T13:12:30","guid":{"rendered":"https:\/\/www.technomix.eu\/vseobecne-obchodni-podminky\/"},"modified":"2023-11-06T17:09:26","modified_gmt":"2023-11-06T16:09:26","slug":"vseobecne-obchodni-podminky","status":"publish","type":"page","link":"https:\/\/www.technomix.eu\/cs\/vseobecne-obchodni-podminky\/","title":{"rendered":"V\u0161eobecn\u00e9 obchodn\u00ed podm\u00ednky"},"content":{"rendered":"\t\t<div data-elementor-type=\"wp-page\" data-elementor-id=\"3988\" class=\"elementor elementor-3988 elementor-2642\" data-elementor-post-type=\"page\">\n\t\t\t\t<div class=\"elementor-element elementor-element-db4ea23 fitted-90 section-padding e-flex e-con-boxed elementor-invisible e-con e-parent\" data-id=\"db4ea23\" data-element_type=\"container\" data-e-type=\"container\" id=\"top\" data-settings=\"{&quot;animation&quot;:&quot;fadeIn&quot;}\">\n\t\t\t\t\t<div class=\"e-con-inner\">\n\t\t\t\t<div class=\"elementor-element elementor-element-1e8cebe elementor-widget elementor-widget-text-editor\" data-id=\"1e8cebe\" data-element_type=\"widget\" data-e-type=\"widget\" data-widget_type=\"text-editor.default\">\n\t\t\t\t<div class=\"elementor-widget-container\">\n\t\t\t\t\t\t\t\t\t<h1>V\u0161eobecn\u00e9 obchodn\u00ed podm\u00ednky<\/h1>\n<h3>\u00a7 1 Rozsah platnosti<\/h3>\n<p>(1) N\u00e1sleduj\u00edc\u00ed v\u0161eobecn\u00e9 obchodn\u00ed podm\u00ednky (d\u00e1le jen \u201eVOP\u201c) plat\u00ed pro v\u0161echny nov\u011b navazovan\u00e9 i u\u017e prob\u00edhaj\u00edc\u00ed obchodn\u00ed vztahy mezi n\u00e1mi a na\u0161imi z\u00e1kazn\u00edky. Plat\u00ed tak\u00e9 pro v\u0161echny budouc\u00ed obchodn\u00ed transakce, pokud jsou stejn\u00e9ho druhu. Na\u0161e dod\u00e1vky a pln\u011bn\u00ed jsou poskytov\u00e1ny v\u00fdhradn\u011b na z\u00e1klad\u011b t\u011bchto VOP. Odchyln\u00e9 podm\u00ednky na\u0161ich z\u00e1kazn\u00edk\u016f, v\u010detn\u011b n\u00e1kupn\u00edch podm\u00ednek a podm\u00ednek zaji\u0161t\u011bn\u00ed kvality, se neuplat\u0148uj\u00ed, a to ani v p\u0159\u00edpad\u011b, \u017ee proti nim v\u00fdslovn\u011b nevzneseme n\u00e1mitku. Odchyln\u00e9 nebo protich\u016fdn\u00e9 podm\u00ednky plat\u00ed pouze v p\u0159\u00edpad\u011b, \u017ee jsme je v\u00fdslovn\u011b p\u00edsemn\u011b akceptovali. Dopl\u0148kovou a ned\u00edlnou sou\u010d\u00e1st\u00ed na\u0161ich VOP jsou tak\u00e9 dodac\u00ed podm\u00ednky spole\u010dnosti Technomix v p\u0159\u00edslu\u0161n\u00e9m platn\u00e9m zn\u011bn\u00ed.     <\/p>\n<p>(2) V\u0161echna dopl\u0148kov\u00e1 ujedn\u00e1n\u00ed k t\u011bmto VOP musej\u00ed m\u00edt p\u00edsemnou podobu. (3) V\u0161eobecn\u00e9 obchodn\u00ed podm\u00ednky plat\u00ed jen pro podnikatele ve smyslu \u00a7 14 n\u011bmeck\u00e9ho ob\u010dansk\u00e9ho z\u00e1kon\u00edku (BGB). <\/p>\n<h3>\u00a7 2 Nab\u00eddky<\/h3>\n<p>(1) Nab\u00eddky jsou v\u017edy nez\u00e1vazn\u00e9, leda \u017ee by byly v\u00fdslovn\u011b p\u00edsemn\u011b ozna\u010den\u00e9 jako z\u00e1vazn\u00e9.<\/p>\n<p>(2) Pokud je objedn\u00e1vka kvalifikov\u00e1na jako nab\u00eddka podle \u00a7 145 BGB, m\u016f\u017ee ji spole\u010dnost Technomix p\u0159ijmout do dvou t\u00fddn\u016f.<\/p>\n<p>(3) V p\u0159\u00edpad\u011b nab\u00eddek ozna\u010den\u00fdch jako z\u00e1vazn\u00e9 doch\u00e1z\u00ed k uskute\u010dn\u011bn\u00ed smlouvy, pokud z\u00e1kazn\u00edk na\u0161i nab\u00eddku p\u0159ijme ve lh\u016ft\u011b dvou t\u00fddn\u016f od data nab\u00eddky. Po uplynut\u00ed t\u00e9to lh\u016fty u\u017e nejsme nab\u00eddkou v\u00e1z\u00e1ni. Smlouva se uskute\u010dn\u00ed tak\u00e9 tehdy, pokud z\u00e1kazn\u00edk po odesl\u00e1n\u00ed p\u0159ijme objednan\u00e9 zbo\u017e\u00ed. Ceny uveden\u00e9 v nab\u00eddk\u00e1ch ozna\u010den\u00fdch jako z\u00e1vazn\u00e9 jsou pro n\u00e1s z\u00e1vazn\u00e9 pouze ve lh\u016ft\u011b pro p\u0159ijet\u00ed nab\u00eddky.   <\/p>\n<h3>\u00a7 3 Ceny a platebn\u00ed podm\u00ednky<\/h3>\n<p>(1) Nebude-li sjedn\u00e1no jinak, je platba (cena netto plus DPH) splatn\u00e1 bez jak\u00fdchkoli sr\u00e1\u017eek do 14 dn\u016f od obdr\u017een\u00ed faktury. Pro v\u010dasnost platby je rozhoduj\u00edc\u00ed okam\u017eik p\u0159ips\u00e1n\u00ed \u010d\u00e1stky na n\u011bkter\u00fd z na\u0161ich bankovn\u00edch \u00fa\u010dt\u016f. Odpo\u010det skonta vy\u017eaduje zvl\u00e1\u0161tn\u00ed p\u00edsemn\u00e9 ujedn\u00e1n\u00ed. P\u0159\u00edpadn\u00e9 ujedn\u00e1n\u00ed o skontu se nevztahuje na n\u00e1klady na dopravu, po\u0161tovn\u00e9, poji\u0161t\u011bn\u00ed nebo jin\u00e9 n\u00e1klady na p\u0159epravu.   <\/p>\n<p>(2) Spole\u010dnost Technomix je opr\u00e1vn\u011bna okam\u017eit\u011b zesplatnit ve\u0161ker\u00e9 pohled\u00e1vky z cel\u00e9ho obchodn\u00edho vztahu, pokud se z\u00e1kazn\u00edk dostane s \u00fahradou faktury do prodlen\u00ed del\u0161\u00edho ne\u017e jeden m\u011bs\u00edc, ani po obdr\u017een\u00ed p\u00edsemn\u00e9 upom\u00ednky pln\u011bn\u00ed neuhrad\u00ed do dvou t\u00fddn\u016f a spole\u010dnost Technomix objednatele v upom\u00ednkov\u00e9m dopise upozorn\u00ed na d\u016fsledky. Mimoto je spole\u010dnost Technomix opr\u00e1vn\u011bna zadr\u017eet je\u0161t\u011b neodeslan\u00e9 zbo\u017e\u00ed, zastavit dal\u0161\u00ed pr\u00e1ce na prob\u00edhaj\u00edc\u00edch zak\u00e1zk\u00e1ch a odstoupit od smluv ji\u017e uzav\u0159en\u00fdch se z\u00e1kazn\u00edkem, jestli\u017ee z\u00e1kazn\u00edk nezaplat\u00ed z\u00e1lohu nebo neposkytne jinou jistotu. Pr\u00e1vo na okam\u017eit\u00e9 zneplatn\u011bn\u00ed v\u0161ech pohled\u00e1vek neplat\u00ed, pokud se jedn\u00e1 pouze o drobn\u00e9 nebo nev\u00fdznamn\u00e9 pohled\u00e1vky.  <\/p>\n<p>(3) Mohou b\u00fdt po\u017eadov\u00e1ny z\u00e1lohy v p\u0159im\u011b\u0159en\u00e9 v\u00fd\u0161i.<\/p>\n<p>(4) V souladu s u\u017e poskytnut\u00fdmi slu\u017ebami mohou b\u00fdt vystaveny d\u00edl\u010d\u00ed faktury. Nemusej\u00ed b\u00fdt ozna\u010deny jako d\u00edl\u010d\u00ed faktura. Zasl\u00e1n\u00ed faktury neznamen\u00e1, \u017ee zak\u00e1zka byla spole\u010dnost\u00ed Technomix vy\u00fa\u010dtov\u00e1na v pln\u00e9m rozsahu.  <\/p>\n<p>(5) V p\u0159\u00edpad\u011b p\u0159ekro\u010den\u00ed splatnosti jsme opr\u00e1vn\u011bni po\u017eadovat \u00farok z prodlen\u00ed ve v\u00fd\u0161i 8 % nad z\u00e1kladn\u00ed \u00farokovou sazbou. Jestli\u017ee jsme schopni prok\u00e1zat vy\u0161\u0161\u00ed \u0161kodu z prodlen\u00ed, jsme opr\u00e1vn\u011bni uplatnit i ji. Z\u00e1kazn\u00edk je v\u0161ak opr\u00e1vn\u011bn n\u00e1m prok\u00e1zat, \u017ee v d\u016fsledku prodlen\u00ed s platbou nevznikla \u017e\u00e1dn\u00e1 nebo vznikla podstatn\u011b ni\u017e\u0161\u00ed \u0161koda.  <\/p>\n<p>(6) Pokud z\u00e1kazn\u00edk vypov\u00ed smlouvu bez podstatn\u00e9ho d\u016fvodu (\u00a7 649 v\u011bta 1 BGB), je povinen uhradit bezvadn\u00e1 pln\u011bn\u00ed poskytnut\u00e1 do okam\u017eiku v\u00fdpov\u011bdi. D\u00e1le je z\u00e1kazn\u00edk povinen zaplatit n\u00e1m pau\u0161\u00e1ln\u00ed n\u00e1hradu \u0161kody ve v\u00fd\u0161i 10 % z nerealizovan\u00e9 \u010d\u00e1sti cel\u00e9 zak\u00e1zky. Z\u00e1kazn\u00edk m\u00e1 pr\u00e1vo prok\u00e1zat, \u017ee vznikl\u00e1 \u0161koda je ni\u017e\u0161\u00ed. Uplatn\u011bn\u00ed nezvykle vysok\u00e9 \u0161kody z na\u0161\u00ed strany nen\u00ed v jednotliv\u00fdch p\u0159\u00edpadech vylou\u010deno.   <\/p>\n<h3>\u00a7 4 Skladov\u00e1n\u00ed a zadr\u017eovac\u00ed pr\u00e1vo<\/h3>\n<p>(1) P\u0159edm\u011bty poskytov\u00e1ny na\u0161\u00edm z\u00e1kazn\u00edkem n\u00e1m musej\u00ed z\u00e1kazn\u00edkem doru\u010deny na jeho n\u00e1klady. Potvrzen\u00ed o doru\u010den\u00ed se vystavuje bez z\u00e1ruky za spr\u00e1vnost mno\u017estv\u00ed ozna\u010den\u00e9ho jako dodan\u00e9, jako\u017e i za spr\u00e1vnost dodan\u00fdch p\u0159edm\u011bt\u016f. <\/p>\n<p>(2) P\u0159eprava p\u0159edm\u011bt\u016f ve vlastnictv\u00ed nebo dr\u017een\u00ed na\u0161eho z\u00e1kazn\u00edka k n\u00e1m nebo od n\u00e1s prob\u00edh\u00e1 na riziko na\u0161eho z\u00e1kazn\u00edka.<\/p>\n<p>(3) Podle \u00a7 369 n\u011bmeck\u00e9ho obchodn\u00edho z\u00e1kon\u00edku (HGB) m\u00e1me zadr\u017eovac\u00ed pr\u00e1vo k ve\u0161ker\u00fdm p\u0159edm\u011bt\u016fm na\u0161eho z\u00e1kazn\u00edka, kter\u00e9 m\u00e1me v dr\u017een\u00ed, a to a\u017e do \u00fapln\u00e9ho vyrovn\u00e1n\u00ed v\u0161ech splatn\u00fdch pohled\u00e1vek z obchodn\u00edho vztahu.<\/p>\n<h3>\u00a7 5 Dod\u00e1vky, dodac\u00ed lh\u016fty a term\u00edny<\/h3>\n<p>(1) \u010c\u00e1ste\u010dn\u00e9 dod\u00e1vky jsou p\u0159\u00edpustn\u00e9 a zavazuj\u00ed na\u0161eho z\u00e1kazn\u00edka k \u00fahrad\u011b pom\u011brn\u00e9 \u010d\u00e1sti odm\u011bny, leda\u017ee by d\u00edl\u010d\u00ed dod\u00e1vka byla pro na\u0161eho z\u00e1kazn\u00edka nep\u0159im\u011b\u0159en\u00e1.<\/p>\n<p>(2) Zbo\u017e\u00ed je dod\u00e1v\u00e1no ze z\u00e1vodu (EXW) na n\u00e1klady a rizika na\u0161eho z\u00e1kazn\u00edka.<\/p>\n<p>(3) Nebude-li sjedn\u00e1no jinak, je v\u00fdb\u011br zp\u016fsobu odesl\u00e1n\u00ed na na\u0161em rozhodnut\u00ed. Pokud po potvrzen\u00ed zak\u00e1zky dojde na p\u0159\u00e1n\u00ed z\u00e1kazn\u00edka ke zm\u011bn\u011b p\u0159epravn\u00ed trasy nebo zp\u016fsobu odesl\u00e1n\u00ed, jdou ve\u0161ker\u00e9 v d\u016fsledku toho vznikl\u00e9 n\u00e1klady k t\u00ed\u017ei z\u00e1kazn\u00edka. <\/p>\n<p>(4) Poji\u0161t\u011bn\u00ed p\u0159epravy se uzav\u00edr\u00e1 pouze na v\u00fdslovn\u00e9 p\u0159\u00e1n\u00ed a na n\u00e1klady na\u0161eho z\u00e1kazn\u00edka.<\/p>\n<p>(5) N\u00e1mi uveden\u00e9 dodac\u00ed lh\u016fty jsou nez\u00e1vazn\u00e9 a pouze orienta\u010dn\u00ed, leda \u017ee by byly v jednotliv\u00fdch smlouv\u00e1ch v\u00fdslovn\u011b sjedn\u00e1ny fixn\u00ed obchody ve smyslu \u00a7 323 odst. 2 \u010d. 2 BGB nebo \u00a7 376 HGB. Jsou rozhoduj\u00edc\u00ed a\u017e pot\u00e9, co od z\u00e1kazn\u00edka v \u0159\u00e1dn\u00e9m term\u00ednu obdr\u017e\u00edme v\u0161echny podklady, souhlasy a schv\u00e1len\u00ed pot\u0159ebn\u00e9 pro realizaci zak\u00e1zky, jako\u017e i p\u0159\u00edpadn\u011b sjednanou z\u00e1lohu.  <\/p>\n<p>(6) V p\u0159\u00edpad\u011b vy\u0161\u0161\u00ed moci, resp. jin\u00fdch nep\u0159edv\u00eddateln\u00fdch, mimo\u0159\u00e1dn\u00fdch okolnost\u00ed, kter\u00e9 spole\u010dnost Technomix nem\u016f\u017ee ovlivnit a jejich\u017e d\u016fsledk\u016fm nebylo mo\u017en\u00e9 ani vynalo\u017een\u00edm n\u00e1le\u017eit\u00e9 p\u00e9\u010de p\u0159edej\u00edt, se dodac\u00ed lh\u016fty \u2013 v\u010detn\u011b potvrzen\u00fdch lh\u016ft \u2013 p\u0159im\u011b\u0159en\u011b prodlu\u017euj\u00ed. Pokud n\u00e1m v\u00fd\u0161e uveden\u00e9 okolnosti znemo\u017e\u0148uj\u00ed nebo nep\u0159im\u011b\u0159en\u011b znesnad\u0148uj\u00ed realizaci pln\u011bn\u00ed, jsme zpro\u0161t\u011bni povinnosti poskytnout pln\u011bn\u00ed. N\u00e1roky na n\u00e1hradu \u0161kody ze strany na\u0161eho z\u00e1kazn\u00edka jsou v takov\u00e9m p\u0159\u00edpad\u011b vylou\u010den\u00e9.  <\/p>\n<p>(7) V p\u0159\u00edpad\u011b, \u017ee zpo\u017ed\u011bn\u00ed dod\u00e1vky zavin\u00edme my, je n\u00e1\u0161 z\u00e1kazn\u00edk povinen stanovit p\u0159im\u011b\u0159enou dodate\u010dnou lh\u016ftu pro spln\u011bn\u00ed dod\u00e1vky. Pot\u00e9 m\u016f\u017ee z\u00e1kazn\u00edk, jestli\u017ee prok\u00e1\u017ee vznik \u0161kody, po\u017eadovat 1 % za ka\u017ed\u00fd cel\u00fd t\u00fdden prodlen\u00ed, maxim\u00e1ln\u011b v\u0161ak 10 % hodnoty t\u00e9 \u010d\u00e1sti dod\u00e1vky, kter\u00e1 byla kv\u016fli prodlen\u00ed dod\u00e1na opo\u017ed\u011bn\u011b, nejm\u00e9n\u011b v\u0161ak 40 \u20ac. Omezen\u00ed v\u00fd\u0161e \u0161kody z prodlen\u00ed neplat\u00ed, je-li ru\u010den\u00ed v p\u0159\u00edpadech \u00famysln\u00e9ho jedn\u00e1n\u00ed, hrub\u00e9 nedbalosti nebo kv\u016fli po\u0161kozen\u00ed na \u017eivot\u011b, t\u011ble, zdrav\u00ed nebo podle jin\u00fdch pr\u00e1vn\u00edch p\u0159edpis\u016f povinn\u00e9. Od smlouvy sm\u00ed z\u00e1kazn\u00edk v r\u00e1mci z\u00e1konn\u00fdch ustanoven\u00ed odstoupit, jen pokud jsme zpo\u017ed\u011bn\u00ed dod\u00e1vky zap\u0159\u00ed\u010dinili my. Zm\u011bna d\u016fkazn\u00edho b\u0159emena v neprosp\u011bch z\u00e1kazn\u00edka nen\u00ed s touto \u00fapravou spojena. Z\u00e1kazn\u00edk je povinen na na\u0161i \u017e\u00e1dost v p\u0159im\u011b\u0159en\u00e9 lh\u016ft\u011b prohl\u00e1sit, zda kv\u016fli zpo\u017ed\u011bn\u00ed s dod\u00e1n\u00edm odstupuje od smlouvy, nebo zda na dod\u00e1vce trv\u00e1.     <\/p>\n<p>(8) Pokud n\u00e1\u0161 z\u00e1kazn\u00edk nep\u0159ijme nebo odm\u00edtne p\u0159ijmout jednotliv\u00e9 dod\u00e1vky nebo d\u00edl\u010d\u00ed dod\u00e1vky, kter\u00e9 jsou v souladu se smlouvou, m\u016f\u017eeme mu poskytnout p\u0159im\u011b\u0159enou dodate\u010dnou lh\u016ftu. Po marn\u00e9m uplynut\u00ed t\u00e9to lh\u016fty jsme opr\u00e1vn\u011bni odstoupit od smlouvy nebo po\u017eadovat n\u00e1hradu \u0161kody. <\/p>\n<h3>\u00a7 6 Z\u00e1ruka<\/h3>\n<p>(1) Z\u00e1ruka spole\u010dnosti Technomix se vztahuje pouze na pln\u011bn\u00ed, kter\u00fdm jsme byli v\u00fdslovn\u011b pov\u011b\u0159eni. Zjevn\u00e9 vady, jako\u017e i absence jak\u00fdchkoli p\u0159isl\u00edben\u00fdch vlastnost\u00ed musej\u00ed b\u00fdt u spole\u010dnosti Technomix neprodlen\u011b p\u00edsemn\u011b reklamov\u00e1ny, a to nejpozd\u011bji b\u011bhem proml\u010dec\u00ed lh\u016fty v d\u00e9lce dvou t\u00fddn\u016f od obdr\u017een\u00ed dod\u00e1vky nebo pln\u011bn\u00ed, zejm\u00e9na protokolu o zkou\u0161ce, osv\u011bd\u010den\u00ed o p\u0159ej\u00edmce nebo podobn\u00e9ho dokumentu. Po uplynut\u00ed lh\u016fty pro reklamaci u\u017e nelze zjevn\u00e9 vady a absenci p\u0159isl\u00edben\u00fdch vlastnost\u00ed \u00fa\u010dinn\u011b uplatnit.  <\/p>\n<p>(2) V p\u0159\u00edpad\u011b opr\u00e1vn\u011bn\u00e9 reklamace vad m\u00e1 spole\u010dnost Technomix neomezen\u00e9 pr\u00e1vo na prohl\u00eddku a p\u0159ezkoum\u00e1n\u00ed reklamace. V r\u00e1mci p\u0159ezkumu reklamovan\u00e9 vady musej\u00ed b\u00fdt spole\u010dnosti Technomix na vy\u017e\u00e1d\u00e1n\u00ed poskytnuty ve\u0161ker\u00e9 protokoly, provozn\u00ed zpr\u00e1vy atd., jako\u017e i v\u011bcn\u00e9 informace. <\/p>\n<p>(3) P\u0159\u00edpadnou vadu je spole\u010dnost Technomix povinna odstranit v p\u0159im\u011b\u0159en\u00e9 lh\u016ft\u011b, a to podle vlastn\u00ed volby bu\u010f dod\u00e1n\u00edm \u010di poskytnut\u00edm nov\u00e9 bezvadn\u00e9 v\u011bci, nebo odstran\u011bn\u00edm vady (dodate\u010dn\u00e9 pln\u011bn\u00ed). V p\u0159\u00edpad\u011b, \u017ee by dodate\u010dn\u00e9 pln\u011bn\u00ed bylo mo\u017en\u00e9 pouze s nep\u0159im\u011b\u0159en\u00fdmi n\u00e1klady, m\u016f\u017ee ho spole\u010dnost Technomix odm\u00edtnout. Pokud dodate\u010dn\u00e9 pln\u011bn\u00ed neprob\u011bhne \u0159\u00e1dn\u011b, je z\u00e1kazn\u00edk podle sv\u00e9 volby opr\u00e1vn\u011bn po\u017eadovat odstoupen\u00ed od smlouvy nebo sn\u00ed\u017een\u00ed ceny. Odstoupen\u00ed od smlouvy se omezuje na p\u0159\u00edslu\u0161n\u00e9 d\u00edl\u010d\u00ed pln\u011bn\u00ed, pokud jsou zb\u00fdvaj\u00edc\u00ed \u010d\u00e1sti pln\u011bn\u00ed pro z\u00e1kazn\u00edka pou\u017eiteln\u00e9.   <\/p>\n<p>(4) Proml\u010dec\u00ed lh\u016fta pro z\u00e1ru\u010dn\u00ed n\u00e1roky \u010din\u00ed dvan\u00e1ct m\u011bs\u00edc\u016f a za\u010d\u00edn\u00e1 b\u011b\u017eet k okam\u017eiku p\u0159ej\u00edmky zku\u0161ebn\u00edho pln\u011bn\u00ed poskytnut\u00e9ho spole\u010dnost\u00ed Technomix. To neplat\u00ed v p\u0159\u00edpadech podle \u00a7 634 a I \u010d. 2 BGB nebo v p\u0159\u00edpad\u011b podvodn\u011b zaml\u010den\u00e9 vady. <\/p>\n<h3>\u00a7 7 Odpov\u011bdnost<\/h3>\n<p>(1) Spole\u010dnost Technomix nese \u2013 bez ohledu na pr\u00e1vn\u00ed d\u016fvod \u2013 odpov\u011bdnost za \u0161kody pouze tehdy, pokud tyto \u0161kody byly zp\u016fsobeny spole\u010dnost\u00ed Technomix \u00famysln\u011b \u010di z hrub\u00e9 nedbalosti nebo jej\u00edm z\u00e1stupcem \u010di pov\u011b\u0159encem, v d\u016fsledku klamav\u00e9ho \u00famyslu nebo p\u0159evzet\u00ed z\u00e1ruky, nebo pokud spole\u010dnost Technomix \u010di jej\u00ed z\u00e1stupce nebo pov\u011b\u0159enec poru\u0161\u00ed z lehk\u00e9 nedbalosti podstatnou smluvn\u00ed povinnost. V p\u0159\u00edpad\u011b poru\u0161en\u00ed podstatn\u00fdch smluvn\u00edch povinnost\u00ed odpov\u00edd\u00e1 spole\u010dnost Technomix v\u017edy jen za smluvn\u011b typickou \u0161kodu p\u0159edv\u00eddatelnou v dob\u011b uzav\u0159en\u00ed smlouvy, a to do hodnoty zak\u00e1zky na poskytnutou slu\u017ebu. O podstatnou smluvn\u00ed povinnost se jedn\u00e1, pokud se poru\u0161en\u00ed povinnosti t\u00fdk\u00e1 z\u00e1vazku, na jeho\u017e spln\u011bn\u00ed objednatel spol\u00e9hal.  <\/p>\n<p>(2) Pokud spole\u010dnost Technomix nese v p\u0159\u00edpad\u011b poru\u0161en\u00ed podstatn\u00fdch smluvn\u00edch povinnost\u00ed podle odstavce (1) odpov\u011bdnost za \u0161kody zp\u016fsoben\u00e9 lehkou nedbalost\u00ed, omezuje se jej\u00ed povinnost n\u00e1hrady \u0161kody v ka\u017ed\u00e9m \u0161kodn\u00edm p\u0159\u00edpad\u011b na \u010d\u00e1stku: 500 000 eur v p\u0159\u00edpad\u011b v\u011bcn\u00fdch \u0161kod; 250 000,00 eur v p\u0159\u00edpad\u011b \u0161kod na majetku. Odpov\u011bdnost z d\u016fvodu zavin\u011bn\u00e9 \u00fajmy na \u017eivot\u011b, t\u011ble \u010di zdrav\u00ed z\u016fst\u00e1v\u00e1 touto \u00fapravou nedot\u010dena; to plat\u00ed i pro povinn\u00e9 ru\u010den\u00ed podle z\u00e1kona o ru\u010den\u00ed za v\u00fdrobky.<\/p>\n<p>(3) Pokud nen\u00ed v\u00fd\u0161e sjedn\u00e1no n\u011bco jin\u00e9ho, je odpov\u011bdnost vylou\u010dena.<\/p>\n<p>(4) S v\u00fdhradou v\u00fd\u0161e uveden\u00fdch v\u00fdjimek je vylou\u010dena dal\u0161\u00ed odpov\u011bdnost spole\u010dnosti Technomix za zastaven\u00ed v\u00fdroby, u\u0161l\u00fd zisk, ztr\u00e1tu u\u017e\u00edvac\u00edho pr\u00e1va, smluvn\u00ed \u00fajmy nebo jakoukoli jinou hospod\u00e1\u0159skou \u010di nep\u0159\u00edmou n\u00e1slednou \u0161kodu.<\/p>\n<p>(5) Nez\u00e1visle na tom je objednatel povinen uzav\u0159\u00edt obvykl\u00e9 poji\u0161t\u011bn\u00ed proti p\u0159\u00edm\u00fdm nebo nep\u0159\u00edm\u00fdm \u0161kod\u00e1m.<\/p>\n<h3>\u00a7 8 Vlastnictv\u00ed, pr\u00e1va t\u0159et\u00edch osob, autorsk\u00e1 pr\u00e1va<\/h3>\n<p>(1) K p\u0159edm\u011bt\u016fm, kter\u00e9 jsme vyrobili nebo z\u00edskali v souvislosti s realizac\u00ed zak\u00e1zek na\u0161eho z\u00e1kazn\u00edka (zejm\u00e9na p\u00edsemnosti, soubory jak\u00e9hokoli druhu, nosi\u010de dat, \u0161ablony, fotografie, n\u00e1\u010drty, chybov\u00e9 katalogy, n\u00e1vrhy), si vyhrazujeme vlastnick\u00e1 a ve\u0161ker\u00e1 autorsk\u00e1 pr\u00e1va a ostatn\u00ed pr\u00e1va k pr\u016fmyslov\u00e9mu vlastnictv\u00ed. Bez na\u0161eho souhlasu nesm\u011bj\u00ed b\u00fdt tyto p\u0159edm\u011bty zp\u0159\u00edstup\u0148ov\u00e1ny t\u0159et\u00edm osob\u00e1m. N\u00e1\u0161 z\u00e1kazn\u00edk zaru\u010duje, \u017ee realizac\u00ed jeho zak\u00e1zky nedojde k poru\u0161en\u00ed autorsk\u00fdch pr\u00e1v, pr\u00e1v k pr\u016fmyslov\u00e9mu vlastnictv\u00ed ani jin\u00fdch pr\u00e1v t\u0159et\u00edch osob. Pokud se tak p\u0159esto stane, ochr\u00e1n\u00ed n\u00e1s z\u00e1kazn\u00edk p\u0159ed v\u0161emi n\u00e1roky t\u0159et\u00edch osob a nahrad\u00ed n\u00e1m vznikl\u00e9 n\u00e1klady, v\u010detn\u011b n\u00e1klad\u016f na pr\u00e1vn\u00ed poradenstv\u00ed. Ve\u0161ker\u00e9 n\u00e1mi vyroben\u00e9 p\u0159edm\u011bty sm\u00ed n\u00e1\u0161 z\u00e1kazn\u00edk pou\u017e\u00edvat pouze v souladu s ustanoven\u00edmi autorsk\u00e9ho z\u00e1kona a dal\u0161\u00edmi z\u00e1konn\u00fdmi ustanoven\u00edmi, a to jen v r\u00e1mci ud\u011blen\u00fdch u\u017e\u00edvac\u00edch pr\u00e1v.    <\/p>\n<h3>\u00a7 9 Rozhodn\u00e9 pr\u00e1vo, soudn\u00ed p\u0159\u00edslu\u0161nost, z\u00e1v\u011bre\u010dn\u00e1 ustanoven\u00ed<\/h3>\n<p>(1) M\u00edstem pln\u011bn\u00ed a v\u00fdhradn\u00edm s\u00eddlem soudu pro v\u0161echny spory vypl\u00fdvaj\u00edc\u00ed ze smluvn\u00edho vztahu, v\u010detn\u011b \u0159\u00edzen\u00ed t\u00fdkaj\u00edc\u00edch se \u0161ek\u016f, sm\u011bnek a listin, je v rozsahu povolen\u00e9m z\u00e1konem s\u00eddlo p\u0159\u00edslu\u0161n\u00e9 spole\u010dnosti ze skupiny Technomix. Spole\u010dnost Technomix m\u00e1 v\u0161ak pr\u00e1vo podat \u017ealobu tak\u00e9 v m\u00edst\u011b obecn\u00e9 soudn\u00ed p\u0159\u00edslu\u0161nosti z\u00e1kazn\u00edka. <\/p>\n<p>(2) Vztahy mezi n\u00e1mi a na\u0161\u00edm z\u00e1kazn\u00edkem podl\u00e9haj\u00ed v\u00fdhradn\u011b pr\u00e1vu Spolkov\u00e9 republiky N\u011bmecko, av\u0161ak s vylou\u010den\u00edm \u00damluvy OSN o smlouv\u00e1ch o mezin\u00e1rodn\u00ed koupi zbo\u017e\u00ed a jin\u00fdch kolizn\u00edch ustanoven\u00ed.<\/p>\n<p>(3) Pokud by byla jednotliv\u00e1 ustanoven\u00ed t\u00e9to smlouvy ne\u00fa\u010dinn\u00e1 nebo by svou \u00fa\u010dinnost ztratila, nebude t\u00edm dot\u010dena \u00fa\u010dinnost ostatn\u00edch ustanoven\u00ed. V takov\u00e9m p\u0159\u00edpad\u011b se za sjednanou pova\u017euje \u00faprava, kter\u00e1 se p\u0159\u00edpustn\u00fdm zp\u016fsobem nejv\u00edce bl\u00ed\u017e\u00ed vyj\u00e1d\u0159en\u00e9 smluvn\u00ed v\u016fli. <\/p>\n\t\t\t\t\t\t\t\t<\/div>\n\t\t\t\t<\/div>\n\t\t\t\t\t<\/div>\n\t\t\t\t<\/div>\n\t\t\t\t<\/div>\n\t\t","protected":false},"excerpt":{"rendered":"<p>V\u0161eobecn\u00e9 obchodn\u00ed podm\u00ednky \u00a7 1 Rozsah platnosti (1) N\u00e1sleduj\u00edc\u00ed v\u0161eobecn\u00e9 obchodn\u00ed podm\u00ednky (d\u00e1le jen \u201eVOP\u201c) plat\u00ed pro v\u0161echny nov\u011b navazovan\u00e9 i u\u017e prob\u00edhaj\u00edc\u00ed obchodn\u00ed vztahy mezi n\u00e1mi a na\u0161imi z\u00e1kazn\u00edky. Plat\u00ed tak\u00e9 pro v\u0161echny budouc\u00ed obchodn\u00ed transakce, pokud jsou stejn\u00e9ho druhu. Na\u0161e dod\u00e1vky a pln\u011bn\u00ed jsou poskytov\u00e1ny v\u00fdhradn\u011b na z\u00e1klad\u011b t\u011bchto VOP. Odchyln\u00e9 podm\u00ednky na\u0161ich [&hellip;]<\/p>\n","protected":false},"author":1,"featured_media":0,"parent":0,"menu_order":0,"comment_status":"closed","ping_status":"closed","template":"","meta":{"footnotes":""},"class_list":["post-3988","page","type-page","status-publish","hentry"],"_links":{"self":[{"href":"https:\/\/www.technomix.eu\/cs\/wp-json\/wp\/v2\/pages\/3988","targetHints":{"allow":["GET"]}}],"collection":[{"href":"https:\/\/www.technomix.eu\/cs\/wp-json\/wp\/v2\/pages"}],"about":[{"href":"https:\/\/www.technomix.eu\/cs\/wp-json\/wp\/v2\/types\/page"}],"author":[{"embeddable":true,"href":"https:\/\/www.technomix.eu\/cs\/wp-json\/wp\/v2\/users\/1"}],"replies":[{"embeddable":true,"href":"https:\/\/www.technomix.eu\/cs\/wp-json\/wp\/v2\/comments?post=3988"}],"version-history":[{"count":1,"href":"https:\/\/www.technomix.eu\/cs\/wp-json\/wp\/v2\/pages\/3988\/revisions"}],"predecessor-version":[{"id":3990,"href":"https:\/\/www.technomix.eu\/cs\/wp-json\/wp\/v2\/pages\/3988\/revisions\/3990"}],"wp:attachment":[{"href":"https:\/\/www.technomix.eu\/cs\/wp-json\/wp\/v2\/media?parent=3988"}],"curies":[{"name":"wp","href":"https:\/\/api.w.org\/{rel}","templated":true}]}}